{"id":250,"date":"2019-12-04T11:42:39","date_gmt":"2019-12-04T10:42:39","guid":{"rendered":"https:\/\/pm-bm.com\/port-maritime-business-management\/"},"modified":"2022-03-21T15:52:40","modified_gmt":"2022-03-21T19:52:40","slug":"port-maritime-business-management","status":"publish","type":"page","link":"https:\/\/pm-bm.com\/fr\/","title":{"rendered":"Accueil"},"content":{"rendered":"<h3><img loading=\"lazy\" decoding=\"async\" class=\"alignnone wp-image-255 \" src=\"https:\/\/pm-bm.com\/wp-content\/uploads\/2022\/03\/PM-BM-gestion-industriel-portuaire-logistique-maritime-energetique-manufacturier.-1024x589.jpg\" alt=\"\" width=\"882\" height=\"508\" srcset=\"https:\/\/pm-bm.com\/wp-content\/uploads\/2022\/03\/PM-BM-gestion-industriel-portuaire-logistique-maritime-energetique-manufacturier.-1024x589.jpg 1024w, https:\/\/pm-bm.com\/wp-content\/uploads\/2022\/03\/PM-BM-gestion-industriel-portuaire-logistique-maritime-energetique-manufacturier.-300x173.jpg 300w, https:\/\/pm-bm.com\/wp-content\/uploads\/2022\/03\/PM-BM-gestion-industriel-portuaire-logistique-maritime-energetique-manufacturier.-768x442.jpg 768w, https:\/\/pm-bm.com\/wp-content\/uploads\/2022\/03\/PM-BM-gestion-industriel-portuaire-logistique-maritime-energetique-manufacturier.-254x146.jpg 254w, https:\/\/pm-bm.com\/wp-content\/uploads\/2022\/03\/PM-BM-gestion-industriel-portuaire-logistique-maritime-energetique-manufacturier.-50x29.jpg 50w, https:\/\/pm-bm.com\/wp-content\/uploads\/2022\/03\/PM-BM-gestion-industriel-portuaire-logistique-maritime-energetique-manufacturier.-130x75.jpg 130w, https:\/\/pm-bm.com\/wp-content\/uploads\/2022\/03\/PM-BM-gestion-industriel-portuaire-logistique-maritime-energetique-manufacturier..jpg 1100w\" sizes=\"auto, (max-width:767px) 480px, (max-width:882px) 100vw, 882px\" \/><br \/>\nPMBM<\/h3>\n<h2>SOUTIEN FIABLE du conseil d&rsquo;administration, de L\u2019ORIGINE \u00e0 la MISE EN OEUVRE<\/h2>\n<p><a href=\"https:\/\/pm-bm.com\/fr\/#contact\">https:\/\/pm-bm.com\/fr\/#contact<\/a><\/p>\n<h5>PMBM est une soci\u00e9t\u00e9 de conseil et de gestion int\u00e9rimaire aux organisations priv\u00e9es et publiques op\u00e9rant dans un environnement industriel, portuaire, logistique, maritime, \u00e9nerg\u00e9tique et manufacturier international.<\/h5>\n<p>PMBM s\u2019approprie l\u2019ensemble du cycle de vie d\\&rsquo;un projet, de l\u2019origination \u00e0 sa r\u00e9alisation.<\/p>\n<p>Nous d\u00e9finissons des strat\u00e9gies de d\u00e9veloppement d\u2019entreprises ax\u00e9es sur des donn\u00e9es, gestions efficace l\u2019impl\u00e9mentation des programmes et des transformations qui se traduisent par une am\u00e9lioration des performances, des r\u00e9sultats concrets et un impact positif.<\/p>\n<p>PMBM favorise le succ\u00e8s de toutes les personnes impliqu\u00e9es, en \u00e9quilibrant les int\u00e9r\u00eats des entreprises, des organisations publiques et des soci\u00e9t\u00e9s.<\/p>\n<p>Nos partenaires associ\u00e9es sont<br \/>\nDES CHEFS VISIONNAIRES, RECONNUS, &amp; ACCOMPLIS<\/p>\n<p>avec des ant\u00e9c\u00e9dents exceptionnels \u00e0 l\\&rsquo;internationale dans un environnement industriel, portuaire, logistique, maritime, \u00e9nerg\u00e9tique et manufacturier.<\/p>\n<p>Notre \u00e9quipe de professionnels sont des gestionnaires ayant une connaissance approfondie de l\u2019industrie mondiale, qui pensent strat\u00e9giquement et agissent de fa\u00e7on pragmatique.<\/p>\n<p>Notre \u00e9quipe aime travailler avec les gens. Championne \u00e0 cr\u00e9er de la croissance, \u00e0 am\u00e9liorer la performance, \u00e0 g\u00e9rer des transformations et des transactions, \u00e0 d\u00e9finir des strat\u00e9gies de financement et le d\u00e9veloppement des entreprises.<\/p>\n<h3>Conjointement, nous d\u00e9veloppons des souvenirs que les gens seront fiers de partager<\/h3>\n<h3>EXPERTISE<\/h3>\n<h2>Reconnu pour la cr\u00e9ation d\u2019un environnement de croissance durable<\/h2>\n<h3>STRAT\u00c9GIES &#8211; ANALYSE\u00c9VALUATION &#8211; PLANIFICATIONARRIMAGE &#8211; IMPACT<\/h3>\n<h3>Nouveaux agrandissements<\/h3>\n<p>Fusions et acquisitions<\/p>\n<p>Co-Entreprise<\/p>\n<p>Concessions\/baux<\/p>\n<p>D\u00e9veloppement \u00e9conomique<\/p>\n<p>Cessions \/ D\u00e9sinvestissements<\/p>\n<p>Changement organisationnel<\/p>\n<p>Int\u00e9gration<\/p>\n<p>Partenariats<\/p>\n<p>Collecte des capitaux<\/p>\n<p>R\u00e9duction de l\u2019empreinte carbone<\/p>\n<p>Partenariats public-priv\u00e9<\/p>\n<p>Am\u00e9lioration op\u00e9rationnelle<\/p>\n<h3>Nous aimons travailler avec les gens,\u00a0 les former et les guider dans des environnements complexes.<\/h3>\n<h3>SOLUTIONS DE GESTIONS INTERM\u00c9DIAIRES<\/h3>\n<p>&nbsp;<\/p>\n<h2>Cadres dirigeants, gestionnaires de personnel, expertise sectorielle globale et approfondie<\/h2>\n<p>&nbsp;<\/p>\n<h5>Renforcer temporairement votre \u00e9quipe avec des dirigeants exp\u00e9riment\u00e9s<\/h5>\n<h5>Cr\u00e9er un environnement positif et guid\u00e9<\/h5>\n<h5>Des professionnels qui s\u2019engagent \u00e0 cr\u00e9er un impact positif, ax\u00e9s sur les r\u00e9sultats<\/h5>\n<h5>S\u2019appuyer sur des perspectives quantifiables, objectives et ind\u00e9pendantes auxquelles on peut faire confiance<\/h5>\n<h5>\u00c9tablir un programme et s\u2019assurer de l\u2019adh\u00e9sion des principales parties prenantes<\/h5>\n<h4>SUPPORT DE GESTION<\/h4>\n<p>Pr\u00e9paration \u00e0 l\u2019ex\u00e9cution et \u00e0 la transition des acquisitions, des d\u00e9sinvestissements et des changements de contr\u00f4le \/ propri\u00e9t\u00e9<\/p>\n<h4>PLANIFICATION<\/h4>\n<p>Planifier, ex\u00e9cuter et fournir un leadership cl\u00e9 int\u00e9grant les changements organisationnels pour assurer le succ\u00e8s d\\&rsquo;une nouvelle organisation ind\u00e9pendante<\/p>\n<h4>RESTRUCTURATION<\/h4>\n<p>FINANCI\u00c8RE<\/p>\n<p>\u00c9tablir des processus de restructuration financi\u00e8re et de gestion des liquidit\u00e9s qui s\\&rsquo;alignent avec le plan d\u2019affaires, les profils de risques et les conditions de financement<\/p>\n<p>RESTRUCTURATION<\/p>\n<p>OP\u00c9RATIONNELLE<\/p>\n<p>D\u00e9finir et n\u00e9gocier les structures d\u2019investissement et des co\u00fbts, stimuler les initiatives d\u2019am\u00e9lioration de l\u2019EBIT et de la performance, mettre en \u0153uvre des nouvelles conceptions organisationnelles<\/p>\n<p>PROJETS &amp; INITIATIVES STRAT\u00c9GIQUES<\/p>\n<p>D\u00e9velopper des initiatives strat\u00e9giques et une croissance organique, mener des n\u00e9gociations contractuelles, \u00e9tablir des partenariats de partage des risques, int\u00e9grer des acquisitions, repositionner des activit\u00e9s, ren\u00e9gocier des contrats et optimiser les revenus<\/p>\n<h3>STRAT\u00c9GIE<\/h3>\n<p>&nbsp;<\/p>\n<h2>Profondeur, agilit\u00e9 et expertises exceptionnelles<\/h2>\n<h4>Des experts \u00e9tablis et reconnus pour leurs capacit\u00e9s de cr\u00e9er une croissance d\u2019entreprises industrielles par acquisition ou d\u00e9marrage.<\/h4>\n<h4>Professionnels expos\u00e9s \u00e0 des environnements mondiaux complexes.<\/h4>\n<h4>Construire une strat\u00e9gie autour de la durabilit\u00e9<\/h4>\n<h4>S\u2019appuyer sur des comp\u00e9tences et des strat\u00e9gies de n\u00e9gociation \u00e9prouv\u00e9es.<\/h4>\n<h4>Des leaders qui motiveront les gouvernements, les organisations et les personnes vers un succ\u00e8s commun.<\/h4>\n<h4>Cr\u00e9er un impact socio-\u00e9conomique positif.<\/h4>\n<p>Services consultatifs du conseil d\\&rsquo;administration<\/p>\n<h4>Strat\u00e9gie<\/h4>\n<p>Identifier et fixer des objectifs, d\u00e9finir un plan de d\u00e9marche, un changement organisationnel, de propri\u00e9t\u00e9, des op\u00e9rations, de commercialisation, les tendances du march\u00e9, le co\u00fbt \/ chiffre d\u2019affaires \/ EBIT, la croissance, la cha\u00eene d\u2019approvisionnement, la r\u00e9duction de l\u2019empreinte carbone et le c\u00f4t\u00e9 financier.<\/p>\n<h4>Analyse de rentabilisation<\/h4>\n<p>Quantifier et encadrer, Faisabilit\u00e9, Mod\u00e8les d\u2019affaires, Analyse de rentabilisation, Analyse financi\u00e8re, Analyse de sc\u00e9narios, Risque et att\u00e9nuation, Partenariat public-priv\u00e9, Durabilit\u00e9, Concessions, Impact socio-\u00e9conomique.<\/p>\n<h4>Structure<\/h4>\n<p>Gestion des int\u00e9r\u00eats, S\u00e9curiser des fonds, Structuration de partenariats, Plan de financement, Structure de propri\u00e9t\u00e9, Structure de gouvernance, Strat\u00e9gie de sortie, Droits de propri\u00e9t\u00e9 intellectuelle, Accords de transaction, Processus d\u2019appel d\u2019offres.<\/p>\n<h4>Transaction<\/h4>\n<p>N\u00e9gociations, Propri\u00e9t\u00e9, Gouvernance, Financement, Politique des actionnaires, Plan de gestion, Plan d\u2019affaires, Plan de d\u00e9marrage, N\u00e9gociations.<\/p>\n<h4>R\u00e9alisation<\/h4>\n<p>D\u00e9marrage, Transfert, Int\u00e9gration Plan op\u00e9rationnel, Capacit\u00e9s et augmentation de la capacit\u00e9, Int\u00e9gration \/ Transfert &amp; Strat\u00e9gie de mise sur le march\u00e9.<\/p>\n<h2>Rassembler la passion de chacun pour construire et cr\u00e9er<\/h2>\n<h4>Une \u00e9quipe de professionnels chevronn\u00e9s qui fait preuve de leadership, s\u2019engage \u00e0 avoir un impact positif et assume la responsabilit\u00e9 de la conception \u00e0 l\u2019ex\u00e9cution.<\/h4>\n<p>Focalis\u00e9<br \/>\nPratique<br \/>\nReconnu<br \/>\nEx\u00e9cution globale<br \/>\nExpertise<br \/>\nAtt\u00e9nuation des risques<\/p>\n<p>George Gourlay<br \/>\n<img decoding=\"async\" src=\"https:\/\/pm-bm.com\/wp-content\/uploads\/2022\/03\/GEORGE-GOURLAY.jpg\" alt=\"Interim Management &amp; Board Advisors in an industrial, ports, logistics, maritime, energy and manufacturing environment.\" \/><br \/>\nPDG &amp; Chef d\\&rsquo;exploitation<br \/>\nhttps:\/\/www.linkedin.com\/in\/george-gourlay\/<br \/>\ncircle<\/p>\n<p>Jarle Lonning<br \/>\n<img decoding=\"async\" src=\"https:\/\/pm-bm.com\/wp-content\/uploads\/2022\/03\/JarleLonning.jpg\" alt=\"Interim Management &amp; Board Advisors in an industrial, ports, logistics, maritime, energy and manufacturing environment.\" \/><br \/>\nPr\u00e9sident du C.A. et directeur financier<br \/>\nhttps:\/\/www.linkedin.com\/in\/jarlelonning\/<br \/>\ncircle<\/p>\n<p>Richard Reynolds<br \/>\n<img decoding=\"async\" src=\"https:\/\/pm-bm.com\/wp-content\/uploads\/2022\/03\/Richard-Reynolds.jpg\" alt=\"Interim Management &amp; Board Advisors in an industrial, ports, logistics, maritime, energy and manufacturing environment.\" \/><br \/>\nV.P. Cha\u00eene d\\&rsquo;approvisionnement<br \/>\nhttps:\/\/www.linkedin.com\/in\/richard-reynolds-fcips-mba-msc-9b313415\/<br \/>\ncircle<\/p>\n<p>Emmanuel Polman<br \/>\n<img decoding=\"async\" src=\"https:\/\/pm-bm.com\/wp-content\/uploads\/2022\/03\/Emmanuel-Polman.jpg\" alt=\"Interim Management &amp; Board Advisors in an industrial, ports, logistics, maritime, energy and manufacturing environment.\" \/><br \/>\nStrat\u00e9gies &amp; Transactions<br \/>\nhttps:\/\/www.linkedin.com\/in\/emmanuelpolman\/<br \/>\ncircle<\/p>\n<p>Edward Alberts<br \/>\n<img decoding=\"async\" src=\"https:\/\/pm-bm.com\/wp-content\/uploads\/2022\/03\/Edward-Alberts.jpg\" alt=\"Interim Management &amp; Board Advisors in an industrial, ports, logistics, maritime, energy and manufacturing environment.\" \/><br \/>\nResponsable de la recherche des cadres<br \/>\nhttps:\/\/www.linkedin.com\/in\/edward-alberts-a45893\/<br \/>\ncircle<\/p>\n<p><img decoding=\"async\" src=\"https:\/\/pm-bm.com\/wp-content\/uploads\/2022\/03\/LEARDERSHIP-1.png\" alt=\"\" \/><\/p>\n<h4>COMP\u00c9TENCES RECONNUES EN LEADERSHIP<\/h4>\n<p><img decoding=\"async\" src=\"https:\/\/pm-bm.com\/wp-content\/uploads\/2022\/03\/GLOBAL-NETWORK.png\" alt=\"\" \/><\/p>\n<h4>R\u00c9SEAU MONDIAL \u00c9tabli<\/h4>\n<p><img decoding=\"async\" src=\"https:\/\/pm-bm.com\/wp-content\/uploads\/2022\/03\/MANAGEMENT.png\" alt=\"\" \/><\/p>\n<h4>EXPERTISE SECTORIELLE APPROFONDIE<\/h4>\n<p><img decoding=\"async\" src=\"https:\/\/pm-bm.com\/wp-content\/uploads\/2022\/03\/BOUSSOLE-EXPERTISE.png\" alt=\"\" \/><\/p>\n<h4>EXCELLENCE DANS LA GESTION DES PROCESSUS ET DES INTERVENANTS<\/h4>\n<p>&nbsp;<\/p>\n","protected":false},"excerpt":{"rendered":"<p>PMBM SOUTIEN FIABLE du conseil d&rsquo;administration, de L\u2019ORIGINE \u00e0 la MISE EN OEUVRE https:\/\/pm-bm.com\/fr\/#contact PMBM est une soci\u00e9t\u00e9 de conseil et de gestion int\u00e9rimaire aux organisations<span class=\"excerpt-hellip\"> [\u2026]<\/span><\/p>\n","protected":false},"author":1,"featured_media":227,"parent":0,"menu_order":0,"comment_status":"closed","ping_status":"closed","template":"","meta":{"_monsterinsights_skip_tracking":false,"_monsterinsights_sitenote_active":false,"_monsterinsights_sitenote_note":"","_monsterinsights_sitenote_category":0,"footnotes":""},"class_list":["post-250","page","type-page","status-publish","has-post-thumbnail","hentry"],"yoast_head":"<!-- This site is optimized with the Yoast SEO plugin v27.4 - https:\/\/yoast.com\/product\/yoast-seo-wordpress\/ -->\n<title>PM-BM - Gestion d&#039;entreprises portuaires et maritimes<\/title>\n<meta name=\"description\" content=\"Conseillers int\u00e9rimaires en gestion dans un environnement industriel, portuaire, logistique, maritime, \u00e9nerg\u00e9tique et manufacturier.\" \/>\n<meta name=\"robots\" content=\"index, follow, max-snippet:-1, max-image-preview:large, max-video-preview:-1\" \/>\n<link rel=\"canonical\" href=\"https:\/\/pm-bm.com\/fr\/\" \/>\n<meta property=\"og:locale\" content=\"fr_FR\" \/>\n<meta property=\"og:type\" content=\"article\" \/>\n<meta property=\"og:title\" content=\"PM-BM - Gestion d&#039;entreprises portuaires et maritimes\" \/>\n<meta property=\"og:description\" content=\"Conseillers int\u00e9rimaires en gestion dans un environnement industriel, portuaire, logistique, maritime, \u00e9nerg\u00e9tique et manufacturier.\" \/>\n<meta property=\"og:url\" content=\"https:\/\/pm-bm.com\/fr\/\" \/>\n<meta property=\"og:site_name\" content=\"PM-BM\" \/>\n<meta property=\"article:modified_time\" content=\"2022-03-21T19:52:40+00:00\" \/>\n<meta property=\"og:image\" content=\"https:\/\/pm-bm.com\/wp-content\/uploads\/2022\/03\/pmbm-Port-Maritime-Business-Management.jpg\" \/>\n\t<meta property=\"og:image:width\" content=\"1100\" \/>\n\t<meta property=\"og:image:height\" content=\"633\" \/>\n\t<meta property=\"og:image:type\" content=\"image\/jpeg\" \/>\n<meta name=\"twitter:card\" content=\"summary_large_image\" \/>\n<meta name=\"twitter:label1\" content=\"Dur\u00e9e de lecture estim\u00e9e\" \/>\n\t<meta name=\"twitter:data1\" content=\"6 minutes\" \/>\n<script type=\"application\/ld+json\" class=\"yoast-schema-graph\">{\"@context\":\"https:\\\/\\\/schema.org\",\"@graph\":[{\"@type\":\"WebPage\",\"@id\":\"https:\\\/\\\/pm-bm.com\\\/fr\\\/\",\"url\":\"https:\\\/\\\/pm-bm.com\\\/fr\\\/\",\"name\":\"PM-BM - Gestion d'entreprises portuaires et maritimes\",\"isPartOf\":{\"@id\":\"https:\\\/\\\/pm-bm.com\\\/fr\\\/#website\"},\"primaryImageOfPage\":{\"@id\":\"https:\\\/\\\/pm-bm.com\\\/fr\\\/#primaryimage\"},\"image\":{\"@id\":\"https:\\\/\\\/pm-bm.com\\\/fr\\\/#primaryimage\"},\"thumbnailUrl\":\"https:\\\/\\\/pm-bm.com\\\/wp-content\\\/uploads\\\/2022\\\/03\\\/pmbm-Port-Maritime-Business-Management.jpg\",\"datePublished\":\"2019-12-04T10:42:39+00:00\",\"dateModified\":\"2022-03-21T19:52:40+00:00\",\"description\":\"Conseillers int\u00e9rimaires en gestion dans un environnement industriel, portuaire, logistique, maritime, \u00e9nerg\u00e9tique et manufacturier.\",\"breadcrumb\":{\"@id\":\"https:\\\/\\\/pm-bm.com\\\/fr\\\/#breadcrumb\"},\"inLanguage\":\"fr-FR\",\"potentialAction\":[{\"@type\":\"ReadAction\",\"target\":[\"https:\\\/\\\/pm-bm.com\\\/fr\\\/\"]}]},{\"@type\":\"ImageObject\",\"inLanguage\":\"fr-FR\",\"@id\":\"https:\\\/\\\/pm-bm.com\\\/fr\\\/#primaryimage\",\"url\":\"https:\\\/\\\/pm-bm.com\\\/wp-content\\\/uploads\\\/2022\\\/03\\\/pmbm-Port-Maritime-Business-Management.jpg\",\"contentUrl\":\"https:\\\/\\\/pm-bm.com\\\/wp-content\\\/uploads\\\/2022\\\/03\\\/pmbm-Port-Maritime-Business-Management.jpg\",\"width\":1100,\"height\":633},{\"@type\":\"BreadcrumbList\",\"@id\":\"https:\\\/\\\/pm-bm.com\\\/fr\\\/#breadcrumb\",\"itemListElement\":[{\"@type\":\"ListItem\",\"position\":1,\"name\":\"Accueil\",\"item\":\"https:\\\/\\\/pm-bm.com\\\/fr\\\/\"},{\"@type\":\"ListItem\",\"position\":2,\"name\":\"Accueil\"}]},{\"@type\":\"WebSite\",\"@id\":\"https:\\\/\\\/pm-bm.com\\\/fr\\\/#website\",\"url\":\"https:\\\/\\\/pm-bm.com\\\/fr\\\/\",\"name\":\"PM-BM\",\"description\":\"\",\"potentialAction\":[{\"@type\":\"SearchAction\",\"target\":{\"@type\":\"EntryPoint\",\"urlTemplate\":\"https:\\\/\\\/pm-bm.com\\\/fr\\\/?s={search_term_string}\"},\"query-input\":{\"@type\":\"PropertyValueSpecification\",\"valueRequired\":true,\"valueName\":\"search_term_string\"}}],\"inLanguage\":\"fr-FR\"}]}<\/script>\n<!-- \/ Yoast SEO plugin. -->","yoast_head_json":{"title":"PM-BM - Gestion d'entreprises portuaires et maritimes","description":"Conseillers int\u00e9rimaires en gestion dans un environnement industriel, portuaire, logistique, maritime, \u00e9nerg\u00e9tique et manufacturier.","robots":{"index":"index","follow":"follow","max-snippet":"max-snippet:-1","max-image-preview":"max-image-preview:large","max-video-preview":"max-video-preview:-1"},"canonical":"https:\/\/pm-bm.com\/fr\/","og_locale":"fr_FR","og_type":"article","og_title":"PM-BM - Gestion d'entreprises portuaires et maritimes","og_description":"Conseillers int\u00e9rimaires en gestion dans un environnement industriel, portuaire, logistique, maritime, \u00e9nerg\u00e9tique et manufacturier.","og_url":"https:\/\/pm-bm.com\/fr\/","og_site_name":"PM-BM","article_modified_time":"2022-03-21T19:52:40+00:00","og_image":[{"width":1100,"height":633,"url":"https:\/\/pm-bm.com\/wp-content\/uploads\/2022\/03\/pmbm-Port-Maritime-Business-Management.jpg","type":"image\/jpeg"}],"twitter_card":"summary_large_image","twitter_misc":{"Dur\u00e9e de lecture estim\u00e9e":"6 minutes"},"schema":{"@context":"https:\/\/schema.org","@graph":[{"@type":"WebPage","@id":"https:\/\/pm-bm.com\/fr\/","url":"https:\/\/pm-bm.com\/fr\/","name":"PM-BM - Gestion d'entreprises portuaires et maritimes","isPartOf":{"@id":"https:\/\/pm-bm.com\/fr\/#website"},"primaryImageOfPage":{"@id":"https:\/\/pm-bm.com\/fr\/#primaryimage"},"image":{"@id":"https:\/\/pm-bm.com\/fr\/#primaryimage"},"thumbnailUrl":"https:\/\/pm-bm.com\/wp-content\/uploads\/2022\/03\/pmbm-Port-Maritime-Business-Management.jpg","datePublished":"2019-12-04T10:42:39+00:00","dateModified":"2022-03-21T19:52:40+00:00","description":"Conseillers int\u00e9rimaires en gestion dans un environnement industriel, portuaire, logistique, maritime, \u00e9nerg\u00e9tique et manufacturier.","breadcrumb":{"@id":"https:\/\/pm-bm.com\/fr\/#breadcrumb"},"inLanguage":"fr-FR","potentialAction":[{"@type":"ReadAction","target":["https:\/\/pm-bm.com\/fr\/"]}]},{"@type":"ImageObject","inLanguage":"fr-FR","@id":"https:\/\/pm-bm.com\/fr\/#primaryimage","url":"https:\/\/pm-bm.com\/wp-content\/uploads\/2022\/03\/pmbm-Port-Maritime-Business-Management.jpg","contentUrl":"https:\/\/pm-bm.com\/wp-content\/uploads\/2022\/03\/pmbm-Port-Maritime-Business-Management.jpg","width":1100,"height":633},{"@type":"BreadcrumbList","@id":"https:\/\/pm-bm.com\/fr\/#breadcrumb","itemListElement":[{"@type":"ListItem","position":1,"name":"Accueil","item":"https:\/\/pm-bm.com\/fr\/"},{"@type":"ListItem","position":2,"name":"Accueil"}]},{"@type":"WebSite","@id":"https:\/\/pm-bm.com\/fr\/#website","url":"https:\/\/pm-bm.com\/fr\/","name":"PM-BM","description":"","potentialAction":[{"@type":"SearchAction","target":{"@type":"EntryPoint","urlTemplate":"https:\/\/pm-bm.com\/fr\/?s={search_term_string}"},"query-input":{"@type":"PropertyValueSpecification","valueRequired":true,"valueName":"search_term_string"}}],"inLanguage":"fr-FR"}]}},"_links":{"self":[{"href":"https:\/\/pm-bm.com\/fr\/wp-json\/wp\/v2\/pages\/250","targetHints":{"allow":["GET"]}}],"collection":[{"href":"https:\/\/pm-bm.com\/fr\/wp-json\/wp\/v2\/pages"}],"about":[{"href":"https:\/\/pm-bm.com\/fr\/wp-json\/wp\/v2\/types\/page"}],"author":[{"embeddable":true,"href":"https:\/\/pm-bm.com\/fr\/wp-json\/wp\/v2\/users\/1"}],"replies":[{"embeddable":true,"href":"https:\/\/pm-bm.com\/fr\/wp-json\/wp\/v2\/comments?post=250"}],"version-history":[{"count":5,"href":"https:\/\/pm-bm.com\/fr\/wp-json\/wp\/v2\/pages\/250\/revisions"}],"predecessor-version":[{"id":257,"href":"https:\/\/pm-bm.com\/fr\/wp-json\/wp\/v2\/pages\/250\/revisions\/257"}],"wp:featuredmedia":[{"embeddable":true,"href":"https:\/\/pm-bm.com\/fr\/wp-json\/wp\/v2\/media\/227"}],"wp:attachment":[{"href":"https:\/\/pm-bm.com\/fr\/wp-json\/wp\/v2\/media?parent=250"}],"curies":[{"name":"wp","href":"https:\/\/api.w.org\/{rel}","templated":true}]}}